{"id":559,"date":"2021-06-21T00:07:07","date_gmt":"2021-06-20T22:07:07","guid":{"rendered":"https:\/\/ny.talab.se\/?page_id=559"},"modified":"2023-02-21T11:52:35","modified_gmt":"2023-02-21T10:52:35","slug":"genealogi","status":"publish","type":"page","link":"https:\/\/ny.talab.se\/?page_id=559","title":{"rendered":"Genealogi"},"content":{"rendered":"\r\n<p class=\"wp-block-paragraph\">Shows what is known (at this stage) of the heritage of Berit&#8217;s and my families.<\/p>\r\n\r\n\r\n\r\n<p class=\"wp-block-paragraph\">Arvids slekt: <a href=\"https:\/\/www.talab.se\/Resurser\/Andersson\/default.html\">Farfar <\/a> &#8211; <a href=\"https:\/\/www.talab.se\/Resurser\/Christensen\/default.html\">Farmorfar<\/a> &#8211; <a href=\"https:\/\/www.talab.se\/Resurser\/Tonnesen\/default.html\">Mormor<\/a> &#8211; <a href=\"https:\/\/www.talab.se\/Resurser\/Aartun\/default.html\">Morfar<\/a><\/p>\r\n\r\n\r\n\r\n<p class=\"wp-block-paragraph\">Berits slekt: <a href=\"https:\/\/www.talab.se\/Resurser\/Sorlibraten\/default.html\">Far<\/a> &#8211; <a href=\"https:\/\/www.talab.se\/Resurser\/Taanevig\/default.html\">Mormo<\/a><a href=\"https:\/\/www.talab.se\/Resurser\/Tanevig\/default.html\">r<\/a> &#8211; <a href=\"https:\/\/www.talab.se\/Resurser\/Johansen\/default.html\"> Morfar<\/a> &#8211; <a href=\"https:\/\/www.talab.se\/Resurser\/Marconini\/default.html\">Morfars italienska aner<\/a><\/p>\r\n\r\n\r\n\r\n<p class=\"wp-block-paragraph\">&nbsp;<\/p>\r\n\r\n\r\n\r\n<p class=\"wp-block-paragraph\"><a href=\"https:\/\/www.talab.se\/Resurser\/Christensen\/default.html\">Vognmandsslekten (Arvid)<\/a><\/p>\r\n\r\n\r\n\r\n<p class=\"wp-block-paragraph\"><a href=\"https:\/\/www.talab.se\/Resurser\/Aartun\/default.html\">Aartun slekten (Arvid)<\/a><\/p>\r\n\r\n\r\n\r\n<p class=\"wp-block-paragraph\"><a href=\"https:\/\/www.talab.se\/Resurser\/Taanevig\/default.html\">Taanevig (Berit)<\/a><\/p>\r\n\r\n\r\n\r\n<p class=\"wp-block-paragraph\"><a href=\"https:\/\/www.talab.se\/Resurser\/Sorlibraten\/default.html\">S\u00f8rlibr\u00e5ten (Berit)<\/a><\/p>\r\n\r\n\r\n\r\n<p class=\"wp-block-paragraph\"><a href=\"https:\/\/www.talab.se\/Resurser\/Johansen\/default.html\">Seilmakerslekten (Berit)<\/a><\/p>\r\n\r\n\r\n\r\n<p class=\"wp-block-paragraph\"><a href=\"https:\/\/www.talab.se\/Resurser\/Marconini\/default.html\">Marconini (Berit)<\/a><\/p>\r\n\r\n\r\n\r\n<p class=\"wp-block-paragraph\"><a href=\"https:\/\/www.talab.se\/Resurser\/Andersson\/default.html\">Carl Andersson fr\u00e5n Dalsland<\/a><\/p>\r\n\r\n\r\n\r\n<p class=\"wp-block-paragraph\"><a href=\"https:\/\/www.talab.se\/Resurser\/Tonnesen\/default.html\">Anna Theresia T\u00f8nnesen<\/a><\/p>\r\n","protected":false},"excerpt":{"rendered":"<p>Shows what is known (at this stage) of the heritage of Berit&#8217;s and my families. Arvids slekt: Farfar &#8211; Farmorfar &#8211; Mormor &#8211; Morfar Berits slekt: Far &#8211; Mormor &#8211; Morfar &#8211; Morfars italienska aner &nbsp; Vognmandsslekten (Arvid) Aartun slekten (Arvid) Taanevig (Berit) S\u00f8rlibr\u00e5ten (Berit) Seilmakerslekten (Berit) Marconini (Berit) Carl Andersson fr\u00e5n Dalsland Anna Theresia [&hellip;]<\/p>\n","protected":false},"author":2,"featured_media":0,"parent":0,"menu_order":0,"comment_status":"closed","ping_status":"closed","template":"","meta":{"_crdt_document":"","site-sidebar-layout":"default","site-content-layout":"default","ast-site-content-layout":"default","site-content-style":"default","site-sidebar-style":"default","ast-global-header-display":"","ast-banner-title-visibility":"","ast-main-header-display":"","ast-hfb-above-header-display":"","ast-hfb-below-header-display":"","ast-hfb-mobile-header-display":"","site-post-title":"","ast-breadcrumbs-content":"","ast-featured-img":"","footer-sml-layout":"","ast-disable-related-posts":"","theme-transparent-header-meta":"default","adv-header-id-meta":"","stick-header-meta":"","header-above-stick-meta":"","header-main-stick-meta":"","header-below-stick-meta":"","astra-migrate-meta-layouts":"default","ast-page-background-enabled":"default","ast-page-background-meta":{"desktop":{"background-color":"var(--ast-global-color-4)","background-image":"","background-repeat":"repeat","background-position":"center center","background-size":"auto","background-attachment":"scroll","background-type":"","background-media":"","overlay-type":"","overlay-color":"","overlay-opacity":"","overlay-gradient":""},"tablet":{"background-color":"","background-image":"","background-repeat":"repeat","background-position":"center center","background-size":"auto","background-attachment":"scroll","background-type":"","background-media":"","overlay-type":"","overlay-color":"","overlay-opacity":"","overlay-gradient":""},"mobile":{"background-color":"","background-image":"","background-repeat":"repeat","background-position":"center center","background-size":"auto","background-attachment":"scroll","background-type":"","background-media":"","overlay-type":"","overlay-color":"","overlay-opacity":"","overlay-gradient":""}},"ast-content-background-meta":{"desktop":{"background-color":"var(--ast-global-color-5)","background-image":"","background-repeat":"repeat","background-position":"center center","background-size":"auto","background-attachment":"scroll","background-type":"","background-media":"","overlay-type":"","overlay-color":"","overlay-opacity":"","overlay-gradient":""},"tablet":{"background-color":"var(--ast-global-color-5)","background-image":"","background-repeat":"repeat","background-position":"center center","background-size":"auto","background-attachment":"scroll","background-type":"","background-media":"","overlay-type":"","overlay-color":"","overlay-opacity":"","overlay-gradient":""},"mobile":{"background-color":"var(--ast-global-color-5)","background-image":"","background-repeat":"repeat","background-position":"center center","background-size":"auto","background-attachment":"scroll","background-type":"","background-media":"","overlay-type":"","overlay-color":"","overlay-opacity":"","overlay-gradient":""}},"footnotes":""},"class_list":["post-559","page","type-page","status-publish","hentry"],"_links":{"self":[{"href":"https:\/\/ny.talab.se\/index.php?rest_route=\/wp\/v2\/pages\/559","targetHints":{"allow":["GET"]}}],"collection":[{"href":"https:\/\/ny.talab.se\/index.php?rest_route=\/wp\/v2\/pages"}],"about":[{"href":"https:\/\/ny.talab.se\/index.php?rest_route=\/wp\/v2\/types\/page"}],"author":[{"embeddable":true,"href":"https:\/\/ny.talab.se\/index.php?rest_route=\/wp\/v2\/users\/2"}],"replies":[{"embeddable":true,"href":"https:\/\/ny.talab.se\/index.php?rest_route=%2Fwp%2Fv2%2Fcomments&post=559"}],"version-history":[{"count":37,"href":"https:\/\/ny.talab.se\/index.php?rest_route=\/wp\/v2\/pages\/559\/revisions"}],"predecessor-version":[{"id":799,"href":"https:\/\/ny.talab.se\/index.php?rest_route=\/wp\/v2\/pages\/559\/revisions\/799"}],"wp:attachment":[{"href":"https:\/\/ny.talab.se\/index.php?rest_route=%2Fwp%2Fv2%2Fmedia&parent=559"}],"curies":[{"name":"wp","href":"https:\/\/api.w.org\/{rel}","templated":true}]}}