{"id":473,"date":"2021-05-31T21:03:16","date_gmt":"2021-05-31T21:03:16","guid":{"rendered":"https:\/\/ny.talab.se\/?page_id=473"},"modified":"2021-05-31T21:03:20","modified_gmt":"2021-05-31T21:03:20","slug":"aartun","status":"publish","type":"page","link":"https:\/\/ny.talab.se\/?page_id=473","title":{"rendered":"Aartun"},"content":{"rendered":"\n<p class=\"wp-block-paragraph\"><\/p>\n\n\n\n<div class=\"wp-block-image\"><figure class=\"alignleft size-large is-resized\"><img loading=\"lazy\" decoding=\"async\" src=\"https:\/\/ny.talab.se\/wp-content\/uploads\/2021\/05\/Aartun-Olaus-930x1024.jpg\" alt=\"\" class=\"wp-image-474\" width=\"130\" height=\"142\" srcset=\"https:\/\/ny.talab.se\/wp-content\/uploads\/2021\/05\/Aartun-Olaus-930x1024.jpg 930w, https:\/\/ny.talab.se\/wp-content\/uploads\/2021\/05\/Aartun-Olaus-273x300.jpg 273w, https:\/\/ny.talab.se\/wp-content\/uploads\/2021\/05\/Aartun-Olaus-768x846.jpg 768w, https:\/\/ny.talab.se\/wp-content\/uploads\/2021\/05\/Aartun-Olaus-1080x1189.jpg 1080w, https:\/\/ny.talab.se\/wp-content\/uploads\/2021\/05\/Aartun-Olaus-1280x1409.jpg 1280w, https:\/\/ny.talab.se\/wp-content\/uploads\/2021\/05\/Aartun-Olaus-980x1079.jpg 980w, https:\/\/ny.talab.se\/wp-content\/uploads\/2021\/05\/Aartun-Olaus-480x528.jpg 480w, https:\/\/ny.talab.se\/wp-content\/uploads\/2021\/05\/Aartun-Olaus.jpg 1308w\" sizes=\"auto, (max-width: 130px) 100vw, 130px\" \/><\/figure><\/div>\n\n\n\n<p class=\"wp-block-paragraph\">Olaus Torkelsen Arthun var f\u00f8dt p\u00e5 Aartun i Sauda i 1883. Han har antagelig alt fra unge \u00e5r v\u00e6rt en religi\u00f8s grubler noe som resulterte i at han r\u00f8mte fra hjembygda for \u00e5 slippe fra milit\u00e6rtjenesten. Han arbeidet som anleggsarbeider og murer, et arbeid som f\u00f8rte ham til Arendal der Matilde T\u00f8nnesen drev matservering sammen med sine d\u00f8tre. En av disse var Anna Theresia som blev Olaus kone. Som framg\u00e5r av anetavlene (se linken under) s\u00e5 fikk de fem barn f\u00f8r Anna d\u00f8de i barsel med Ester. Ikke lang tid etter at Anna d\u00f8de giftet Olaus seg med Jenny Idland og flyttet til Moland i S\u00f8r-Audnedal. Jenny d\u00f8de imidlertid etter kort tid og Olaus var igjen alene med sine barn. Han giftet seg enn\u00e5 en gang, denne gang med Alberta Akersmyr fra Lyngdal og fikk med henne datteren Solveig.<\/p>\n\n\n\n<p class=\"wp-block-paragraph\"><a href=\"https:\/\/www.talab.se\/Resurser\/Aartun\/default.html\">Se anetavlen for Olaus Torkelsen Aarthun<\/a><\/p>\n","protected":false},"excerpt":{"rendered":"<p>Olaus Torkelsen Arthun var f\u00f8dt p\u00e5 Aartun i Sauda i 1883. Han har antagelig alt fra unge \u00e5r v\u00e6rt en religi\u00f8s grubler noe som resulterte i at han r\u00f8mte fra hjembygda for \u00e5 slippe fra milit\u00e6rtjenesten. Han arbeidet som anleggsarbeider og murer, et arbeid som f\u00f8rte ham til Arendal der Matilde T\u00f8nnesen drev matservering sammen [&hellip;]<\/p>\n","protected":false},"author":2,"featured_media":0,"parent":0,"menu_order":0,"comment_status":"closed","ping_status":"closed","template":"","meta":{"_crdt_document":"","site-sidebar-layout":"default","site-content-layout":"","ast-site-content-layout":"default","site-content-style":"default","site-sidebar-style":"default","ast-global-header-display":"","ast-banner-title-visibility":"","ast-main-header-display":"","ast-hfb-above-header-display":"","ast-hfb-below-header-display":"","ast-hfb-mobile-header-display":"","site-post-title":"","ast-breadcrumbs-content":"","ast-featured-img":"","footer-sml-layout":"","ast-disable-related-posts":"","theme-transparent-header-meta":"","adv-header-id-meta":"","stick-header-meta":"","header-above-stick-meta":"","header-main-stick-meta":"","header-below-stick-meta":"","astra-migrate-meta-layouts":"default","ast-page-background-enabled":"default","ast-page-background-meta":{"desktop":{"background-color":"var(--ast-global-color-4)","background-image":"","background-repeat":"repeat","background-position":"center center","background-size":"auto","background-attachment":"scroll","background-type":"","background-media":"","overlay-type":"","overlay-color":"","overlay-opacity":"","overlay-gradient":""},"tablet":{"background-color":"","background-image":"","background-repeat":"repeat","background-position":"center center","background-size":"auto","background-attachment":"scroll","background-type":"","background-media":"","overlay-type":"","overlay-color":"","overlay-opacity":"","overlay-gradient":""},"mobile":{"background-color":"","background-image":"","background-repeat":"repeat","background-position":"center center","background-size":"auto","background-attachment":"scroll","background-type":"","background-media":"","overlay-type":"","overlay-color":"","overlay-opacity":"","overlay-gradient":""}},"ast-content-background-meta":{"desktop":{"background-color":"var(--ast-global-color-5)","background-image":"","background-repeat":"repeat","background-position":"center center","background-size":"auto","background-attachment":"scroll","background-type":"","background-media":"","overlay-type":"","overlay-color":"","overlay-opacity":"","overlay-gradient":""},"tablet":{"background-color":"var(--ast-global-color-5)","background-image":"","background-repeat":"repeat","background-position":"center center","background-size":"auto","background-attachment":"scroll","background-type":"","background-media":"","overlay-type":"","overlay-color":"","overlay-opacity":"","overlay-gradient":""},"mobile":{"background-color":"var(--ast-global-color-5)","background-image":"","background-repeat":"repeat","background-position":"center center","background-size":"auto","background-attachment":"scroll","background-type":"","background-media":"","overlay-type":"","overlay-color":"","overlay-opacity":"","overlay-gradient":""}},"footnotes":""},"class_list":["post-473","page","type-page","status-publish","hentry"],"_links":{"self":[{"href":"https:\/\/ny.talab.se\/index.php?rest_route=\/wp\/v2\/pages\/473","targetHints":{"allow":["GET"]}}],"collection":[{"href":"https:\/\/ny.talab.se\/index.php?rest_route=\/wp\/v2\/pages"}],"about":[{"href":"https:\/\/ny.talab.se\/index.php?rest_route=\/wp\/v2\/types\/page"}],"author":[{"embeddable":true,"href":"https:\/\/ny.talab.se\/index.php?rest_route=\/wp\/v2\/users\/2"}],"replies":[{"embeddable":true,"href":"https:\/\/ny.talab.se\/index.php?rest_route=%2Fwp%2Fv2%2Fcomments&post=473"}],"version-history":[{"count":2,"href":"https:\/\/ny.talab.se\/index.php?rest_route=\/wp\/v2\/pages\/473\/revisions"}],"predecessor-version":[{"id":655,"href":"https:\/\/ny.talab.se\/index.php?rest_route=\/wp\/v2\/pages\/473\/revisions\/655"}],"wp:attachment":[{"href":"https:\/\/ny.talab.se\/index.php?rest_route=%2Fwp%2Fv2%2Fmedia&parent=473"}],"curies":[{"name":"wp","href":"https:\/\/api.w.org\/{rel}","templated":true}]}}