{"id":438,"date":"2021-05-31T10:43:44","date_gmt":"2021-05-31T10:43:44","guid":{"rendered":"https:\/\/ny.talab.se\/?page_id=438"},"modified":"2021-06-01T06:17:05","modified_gmt":"2021-06-01T06:17:05","slug":"sorlibraten","status":"publish","type":"page","link":"https:\/\/ny.talab.se\/?page_id=438","title":{"rendered":"S\u00f8rlibr\u00e5ten"},"content":{"rendered":"\n<p class=\"wp-block-paragraph\"><\/p>\n\n\n\n<div class=\"wp-block-image\"><figure class=\"alignleft size-large is-resized\"><img loading=\"lazy\" decoding=\"async\" src=\"https:\/\/ny.talab.se\/wp-content\/uploads\/2021\/05\/Sorlibraten.jpg\" alt=\"\" class=\"wp-image-444\" width=\"366\" height=\"283\" srcset=\"https:\/\/ny.talab.se\/wp-content\/uploads\/2021\/05\/Sorlibraten.jpg 325w, https:\/\/ny.talab.se\/wp-content\/uploads\/2021\/05\/Sorlibraten-300x232.jpg 300w\" sizes=\"auto, (max-width: 366px) 100vw, 366px\" \/><figcaption>S\u00f8rlibr\u00e5ten der Berit vokste opp de f\u00f8rste  \u00e5ren av sitt liv.<\/figcaption><\/figure><\/div>\n\n\n\n<p class=\"wp-block-paragraph\">S\u00f8rum ligger ca 35 kilometer nord for Oslo. Man tar av fra E6 og in p\u00e5 Riksvei 171 for \u00e5 komme til tettstedene Frogner, L\u00f8renfallet og S\u00f8rumsand, komunekontoret finns p\u00e5 S\u00f8rumsand.<\/p>\n\n\n\n<p class=\"wp-block-paragraph\">S\u00f8rlibr\u00e5ten er en liten g\u00e5rd p\u00e5 ca 40 m\u00e5l (dekar) \u00e5ker og 20 m\u00e5l skog som delvis er ganske utilgjenegelig.&nbsp;G\u00e5rdens brukere har alltid hatt annet arbeid utenfor g\u00e5rden.<\/p>\n\n\n\n<p class=\"wp-block-paragraph\">Vi tror att Ole Engebretsen, f\u00f8dt i 1746, bodde p\u00e5 S\u00f8rlibr\u00e5ten alt i 1801, men tror ikke at han eide g\u00e5rden. Derimot vet vi at i 1880 overtar Ole Engebretsen S\u00f8rlibr\u00e5ten, f\u00f8dt 1825 och s\u00f8nnes\u00f8nn til den f\u00f6rste Ole, g\u00e5rden. Hans kone het Berte J\u00f8rgensdatter og hon var f\u00f8dt i 1814. Deres s\u00f8nn Johan f\u00f8dt i 1846 overtar eiendommen efter Ole for att siden gi den till sin s\u00f8nn Olaus Johansen . Olaus var gift med\u00a0\u00a0Ragna Nilsen f\u00f8dt i Oslo 1870. Deres s\u00f8nn Johan Johansen S\u00f8rlibr\u00e5ten overtar siden g\u00e5rden. Han var gift med\u00a0<a href=\"https:\/\/www.talab.se\/Resurser\/Johansen\/default.html\">Svanhild Johansen<\/a>\u00a0och ved hans d\u00f8d overtar hans s\u00f8nn Odvar S\u00f8rlibr\u00e5ten g\u00e5rden och driver den fram till sin d\u00f8d i 1991. I 1986 k\u00f8pte Berit, Johans datter ei hytte som ligger noen hundre meter fra barndomshjemmet av Johans s\u00f8ster Laura. Hun solgte hytta i 2012.<\/p>\n\n\n\n<p class=\"wp-block-paragraph\"><\/p>\n","protected":false},"excerpt":{"rendered":"<p>S\u00f8rum ligger ca 35 kilometer nord for Oslo. Man tar av fra E6 og in p\u00e5 Riksvei 171 for \u00e5 komme til tettstedene Frogner, L\u00f8renfallet og S\u00f8rumsand, komunekontoret finns p\u00e5 S\u00f8rumsand. S\u00f8rlibr\u00e5ten er en liten g\u00e5rd p\u00e5 ca 40 m\u00e5l (dekar) \u00e5ker og 20 m\u00e5l skog som delvis er ganske utilgjenegelig.&nbsp;G\u00e5rdens brukere har alltid hatt [&hellip;]<\/p>\n","protected":false},"author":2,"featured_media":0,"parent":0,"menu_order":0,"comment_status":"closed","ping_status":"closed","template":"","meta":{"_crdt_document":"","site-sidebar-layout":"default","site-content-layout":"","ast-site-content-layout":"default","site-content-style":"default","site-sidebar-style":"default","ast-global-header-display":"","ast-banner-title-visibility":"","ast-main-header-display":"","ast-hfb-above-header-display":"","ast-hfb-below-header-display":"","ast-hfb-mobile-header-display":"","site-post-title":"","ast-breadcrumbs-content":"","ast-featured-img":"","footer-sml-layout":"","ast-disable-related-posts":"","theme-transparent-header-meta":"","adv-header-id-meta":"","stick-header-meta":"","header-above-stick-meta":"","header-main-stick-meta":"","header-below-stick-meta":"","astra-migrate-meta-layouts":"default","ast-page-background-enabled":"default","ast-page-background-meta":{"desktop":{"background-color":"var(--ast-global-color-4)","background-image":"","background-repeat":"repeat","background-position":"center center","background-size":"auto","background-attachment":"scroll","background-type":"","background-media":"","overlay-type":"","overlay-color":"","overlay-opacity":"","overlay-gradient":""},"tablet":{"background-color":"","background-image":"","background-repeat":"repeat","background-position":"center center","background-size":"auto","background-attachment":"scroll","background-type":"","background-media":"","overlay-type":"","overlay-color":"","overlay-opacity":"","overlay-gradient":""},"mobile":{"background-color":"","background-image":"","background-repeat":"repeat","background-position":"center center","background-size":"auto","background-attachment":"scroll","background-type":"","background-media":"","overlay-type":"","overlay-color":"","overlay-opacity":"","overlay-gradient":""}},"ast-content-background-meta":{"desktop":{"background-color":"var(--ast-global-color-5)","background-image":"","background-repeat":"repeat","background-position":"center center","background-size":"auto","background-attachment":"scroll","background-type":"","background-media":"","overlay-type":"","overlay-color":"","overlay-opacity":"","overlay-gradient":""},"tablet":{"background-color":"var(--ast-global-color-5)","background-image":"","background-repeat":"repeat","background-position":"center center","background-size":"auto","background-attachment":"scroll","background-type":"","background-media":"","overlay-type":"","overlay-color":"","overlay-opacity":"","overlay-gradient":""},"mobile":{"background-color":"var(--ast-global-color-5)","background-image":"","background-repeat":"repeat","background-position":"center center","background-size":"auto","background-attachment":"scroll","background-type":"","background-media":"","overlay-type":"","overlay-color":"","overlay-opacity":"","overlay-gradient":""}},"footnotes":""},"class_list":["post-438","page","type-page","status-publish","hentry"],"_links":{"self":[{"href":"https:\/\/ny.talab.se\/index.php?rest_route=\/wp\/v2\/pages\/438","targetHints":{"allow":["GET"]}}],"collection":[{"href":"https:\/\/ny.talab.se\/index.php?rest_route=\/wp\/v2\/pages"}],"about":[{"href":"https:\/\/ny.talab.se\/index.php?rest_route=\/wp\/v2\/types\/page"}],"author":[{"embeddable":true,"href":"https:\/\/ny.talab.se\/index.php?rest_route=\/wp\/v2\/users\/2"}],"replies":[{"embeddable":true,"href":"https:\/\/ny.talab.se\/index.php?rest_route=%2Fwp%2Fv2%2Fcomments&post=438"}],"version-history":[{"count":5,"href":"https:\/\/ny.talab.se\/index.php?rest_route=\/wp\/v2\/pages\/438\/revisions"}],"predecessor-version":[{"id":482,"href":"https:\/\/ny.talab.se\/index.php?rest_route=\/wp\/v2\/pages\/438\/revisions\/482"}],"wp:attachment":[{"href":"https:\/\/ny.talab.se\/index.php?rest_route=%2Fwp%2Fv2%2Fmedia&parent=438"}],"curies":[{"name":"wp","href":"https:\/\/api.w.org\/{rel}","templated":true}]}}