{"id":372,"date":"2021-05-30T14:19:21","date_gmt":"2021-05-30T14:19:21","guid":{"rendered":"https:\/\/ny.talab.se\/?page_id=372"},"modified":"2021-05-30T14:37:18","modified_gmt":"2021-05-30T14:37:18","slug":"borzoiringen","status":"publish","type":"page","link":"https:\/\/ny.talab.se\/?page_id=372","title":{"rendered":"Borzoiringen"},"content":{"rendered":"\n<p class=\"wp-block-paragraph\">P\u00e5 en inofficiell utst\u00e4llning p\u00e5 kennel el Khyria i ungef\u00e4r 1969 -1970 f\u00f6ddes id\u00e9n till en borzoi f\u00f6rening. Afghanfolket som var d\u00e4r ber\u00e4ttade om en nybildad Afghanring. Arvid och Berit som var d\u00e4r med sin unghund Ekhaga Irina tyckte det var en bra id\u00e9 och besl\u00f6t f\u00f6rs\u00f6ka hitta intresse f\u00f6r n\u00e5got liknande inom borzoi. S\u00e5 sm\u00e5ningom lyckades de samla tillr\u00e4ckligt m\u00e5nga intresserade f\u00f6r att bilda en Ryska Vinthundsklubben och Arvid blev klubbens f\u00f6rsta ordf\u00f6rande.<\/p>\n\n\n\n<p class=\"wp-block-paragraph\"><em>F\u00f6rsta impulsen p\u00e5 kennel El Khyria i 1970. Arvid med Ekhaga Irina.<\/em><\/p>\n\n\n\n<p class=\"wp-block-paragraph\">Carina Jansson var sekreterare och Claes Jansson var skattm\u00e4stare, Dan Persson. Sonia Olesen och Gunnar Larsson fr\u00e5n kennel Don Cosacken var med. Tidigt kom \u00e4ven Monika Wall, d\u00e5 Karlsson p\u00e5 den tiden och Lillemor Leifors och Conny Croneryd \u00a0och Sickan och Lasse Jansson fr\u00e5n Hyltebruk med. Det fanns flera som jag inte kommer i h\u00e5g.<\/p>\n\n\n\n<p class=\"wp-block-paragraph\">Under Ringens f\u00f6rsta tid var mycket av verksamheten koncentrerad till v\u00e4st.<\/p>\n\n\n\n<p class=\"wp-block-paragraph\">Det var inte s\u00e5 l\u00e4tt att f\u00e5 ig\u00e5ng en landsomfattande f\u00f6rening d\u00e5 borzoifolket var s\u00e5 spridda \u00f6ver landet och det blev m\u00e5nga samtal. Min d\u00e5varande arbetsgivare fick st\u00e5 f\u00f6r de ganska betydande telefonkostnaderna men s\u00e5 sm\u00e5ningom kom vi ig\u00e5ng. Det var ganska fantastiskt egentligen.<\/p>\n\n\n\n<p class=\"wp-block-paragraph\">1972 var en milstolpe; till det f\u00f6rsta \u00e5rsm\u00f6tet var Henry Z\u00f6ller, Helga Ljungberg och Toll fr\u00e5n SVVK inbjudna. Vi hade ans\u00f6kt om att bli godk\u00e4nda som rasf\u00f6rening under SVVK n\u00e5got som godk\u00e4ndes.<\/p>\n\n\n\n<p class=\"wp-block-paragraph\">Vi skapade en j\u00e4drigt fin logotype som anv\u00e4ndes flitigt, jag har fortfarande kvar en del material. Den logotypen har ersatts och det m\u00e5 vara h\u00e4nt men det vittnar lite om brist p\u00e5 k\u00e4nsla f\u00f6r historien.<\/p>\n\n\n\n<p class=\"wp-block-paragraph\"><img loading=\"lazy\" decoding=\"async\" width=\"170\" height=\"170\" src=\"\" alt=\"En bild som visar text, bok\n\nAutomatiskt genererad beskrivning\">Arvid ber\u00e4ttar att den nybildade f\u00f6reningen hade m\u00e5nga tr\u00e4ffar och sammankomster, och att man ocks\u00e5 var tidig med lure coursing.<\/p>\n\n\n\n<p class=\"wp-block-paragraph\"><img loading=\"lazy\" decoding=\"async\" width=\"233\" height=\"153\" src=\"\" alt=\"En bild som visar person, utomhus, person, cykel\n\nAutomatiskt genererad beskrivning\">\u2013 I Kalleb\u00e4ck i G\u00f6teborg fanns en kappl\u00f6pningsbana d\u00e4r vi k\u00f6rde lure coursing. P\u00e5 bilden syns Dan Persson vid veven, det sysns att det var j\u00e4kligt tungt.\u00a0<\/p>\n\n\n\n<p class=\"wp-block-paragraph\">Efter att klubben de f\u00f6rsta tv\u00e5, tre \u00e5ren varit ganska koncentrerad till V\u00e4stra Sverige, b\u00f6rjade man s\u00e5 sm\u00e5ningom n\u00e5 ut till \u00f6vriga delar av landet.<\/p>\n\n\n\n<p class=\"wp-block-paragraph\">Vi hade ju ingen Facebook p\u00e5 den tiden men en tidning skrevs som trycktes med en handvevad stencileringsapparat. Runt ett l\u00e5ngt bord d\u00e4r lades sidorna ut, och s\u00e5 sprang vi runt och plockade ihop sidorna till en tidning som sedan skickades ut till medlemmar. Det var roligt och brukade kombineras med knytkalas d\u00e4r var och en hade med sig sin specialitet.<\/p>\n\n\n\n<p class=\"wp-block-paragraph\">Genom sitt engagemang fick Arvid Andersen mycket kontakter runt om i borzoi-v\u00e4rlden, och han skrev bland annat i den amerikanska borzoitidningen The Borzoi Quarterly<\/p>\n\n\n\n<p class=\"wp-block-paragraph\">Efter initiativ fr\u00e5n honom och Lena Tamboer anordnade Borzoiringen den f\u00f6rsta internationella borzoikonferensen i Sverige 1981.<\/p>\n\n\n\n<p class=\"wp-block-paragraph\">Jag tror Carina Jansson var en av dem som drog det tyngsta lasset vad g\u00e4ller konferensen. Vi fick oerh\u00f6rt bra PR, det pratas fortfarande om hur bra den f\u00f6rsta konferensen var, minns Arvid Andersen.&nbsp;Bland annat beslutade man att arbeta fram en gemensam rasstandard f\u00f6r hela v\u00e4rlden, n\u00e5got som f\u00f6ljde med p\u00e5 f\u00f6ljande konferenser \u00e4nda fram till b\u00f6rjan p\u00e5 2000 talet.<\/p>\n\n\n\n<p class=\"wp-block-paragraph\">Utifr\u00e5n den f\u00f6rsta internationella konferensen i Sverige bildades IBC, The International Borzoi Council, vars f\u00f6rste ordf\u00f6rande blev Arvid Andersen. Han \u00e4r fortfarande medlem i IBC, och hedersmedlem i Borzoi-Ringen och han jobbar fortfarande f\u00f6r rasen.<\/p>\n\n\n\n<p class=\"wp-block-paragraph\">Hans senaste projekt \u00e4r The borzoi Encyclopedia, ett historiskt projekt d\u00e4r man kartl\u00e4gger rasens historia fr\u00e5n f\u00f6rsta b\u00f6rjan i Ryssland tills i dag och vidare in i framtiden.&nbsp;Det kommer att bli v\u00e4ldigt bra. Vi har m\u00e5nga internationella medlemmar som engagerar sig!<\/p>\n\n\n\n<p class=\"wp-block-paragraph\">Om han t\u00e4nker 50 \u00e5r tillbaka i tiden, trodde han d\u00e5 att Borzoi-Ringen fortfarande \u00e5r 2021 skulle existera som f\u00f6rening?<\/p>\n\n\n\n<p class=\"wp-block-paragraph\">\u2013 Det r\u00e4knade vi med. Startar man en f\u00f6rening finns det inte n\u00e5gon tidsbegr\u00e4nsning, d\u00e5 finns den d\u00e4r. Vi hade ett v\u00e4ldigt bra samarbete med Vinthundsklubben redan fr\u00e5n start och den svenska borzoistammen fick ett bra rykte tidigt som den burit med sig genom \u00e5ren, avslutar<\/p>\n\n\n\n\n\n<p class=\"wp-block-paragraph\">Arvid Andersen med Podjajka som veteran i 1981<\/p>\n","protected":false},"excerpt":{"rendered":"<p>P\u00e5 en inofficiell utst\u00e4llning p\u00e5 kennel el Khyria i ungef\u00e4r 1969 -1970 f\u00f6ddes id\u00e9n till en borzoi f\u00f6rening. Afghanfolket som var d\u00e4r ber\u00e4ttade om en nybildad Afghanring. Arvid och Berit som var d\u00e4r med sin unghund Ekhaga Irina tyckte det var en bra id\u00e9 och besl\u00f6t f\u00f6rs\u00f6ka hitta intresse f\u00f6r n\u00e5got liknande inom borzoi. S\u00e5 [&hellip;]<\/p>\n","protected":false},"author":2,"featured_media":0,"parent":0,"menu_order":0,"comment_status":"closed","ping_status":"closed","template":"","meta":{"_crdt_document":"","site-sidebar-layout":"default","site-content-layout":"","ast-site-content-layout":"default","site-content-style":"default","site-sidebar-style":"default","ast-global-header-display":"","ast-banner-title-visibility":"","ast-main-header-display":"","ast-hfb-above-header-display":"","ast-hfb-below-header-display":"","ast-hfb-mobile-header-display":"","site-post-title":"","ast-breadcrumbs-content":"","ast-featured-img":"","footer-sml-layout":"","ast-disable-related-posts":"","theme-transparent-header-meta":"","adv-header-id-meta":"","stick-header-meta":"","header-above-stick-meta":"","header-main-stick-meta":"","header-below-stick-meta":"","astra-migrate-meta-layouts":"default","ast-page-background-enabled":"default","ast-page-background-meta":{"desktop":{"background-color":"var(--ast-global-color-4)","background-image":"","background-repeat":"repeat","background-position":"center center","background-size":"auto","background-attachment":"scroll","background-type":"","background-media":"","overlay-type":"","overlay-color":"","overlay-opacity":"","overlay-gradient":""},"tablet":{"background-color":"","background-image":"","background-repeat":"repeat","background-position":"center center","background-size":"auto","background-attachment":"scroll","background-type":"","background-media":"","overlay-type":"","overlay-color":"","overlay-opacity":"","overlay-gradient":""},"mobile":{"background-color":"","background-image":"","background-repeat":"repeat","background-position":"center center","background-size":"auto","background-attachment":"scroll","background-type":"","background-media":"","overlay-type":"","overlay-color":"","overlay-opacity":"","overlay-gradient":""}},"ast-content-background-meta":{"desktop":{"background-color":"var(--ast-global-color-5)","background-image":"","background-repeat":"repeat","background-position":"center center","background-size":"auto","background-attachment":"scroll","background-type":"","background-media":"","overlay-type":"","overlay-color":"","overlay-opacity":"","overlay-gradient":""},"tablet":{"background-color":"var(--ast-global-color-5)","background-image":"","background-repeat":"repeat","background-position":"center center","background-size":"auto","background-attachment":"scroll","background-type":"","background-media":"","overlay-type":"","overlay-color":"","overlay-opacity":"","overlay-gradient":""},"mobile":{"background-color":"var(--ast-global-color-5)","background-image":"","background-repeat":"repeat","background-position":"center center","background-size":"auto","background-attachment":"scroll","background-type":"","background-media":"","overlay-type":"","overlay-color":"","overlay-opacity":"","overlay-gradient":""}},"footnotes":""},"class_list":["post-372","page","type-page","status-publish","hentry"],"_links":{"self":[{"href":"https:\/\/ny.talab.se\/index.php?rest_route=\/wp\/v2\/pages\/372","targetHints":{"allow":["GET"]}}],"collection":[{"href":"https:\/\/ny.talab.se\/index.php?rest_route=\/wp\/v2\/pages"}],"about":[{"href":"https:\/\/ny.talab.se\/index.php?rest_route=\/wp\/v2\/types\/page"}],"author":[{"embeddable":true,"href":"https:\/\/ny.talab.se\/index.php?rest_route=\/wp\/v2\/users\/2"}],"replies":[{"embeddable":true,"href":"https:\/\/ny.talab.se\/index.php?rest_route=%2Fwp%2Fv2%2Fcomments&post=372"}],"version-history":[{"count":2,"href":"https:\/\/ny.talab.se\/index.php?rest_route=\/wp\/v2\/pages\/372\/revisions"}],"predecessor-version":[{"id":384,"href":"https:\/\/ny.talab.se\/index.php?rest_route=\/wp\/v2\/pages\/372\/revisions\/384"}],"wp:attachment":[{"href":"https:\/\/ny.talab.se\/index.php?rest_route=%2Fwp%2Fv2%2Fmedia&parent=372"}],"curies":[{"name":"wp","href":"https:\/\/api.w.org\/{rel}","templated":true}]}}